{"id":1413,"date":"2025-08-11T09:25:03","date_gmt":"2025-08-11T07:25:03","guid":{"rendered":"https:\/\/www.empackmadrid.com\/?page_id=1413"},"modified":"2026-02-17T13:03:25","modified_gmt":"2026-02-17T12:03:25","slug":"suscribete-a-nuestra-newsletter","status":"publish","type":"page","link":"https:\/\/www.empackmadrid.com\/es\/content365\/suscribete-a-nuestra-newsletter\/","title":{"rendered":"Suscr\u00edbete a nuestra newsletter"},"content":{"rendered":"\t\t<div data-elementor-type=\"wp-page\" data-elementor-id=\"1413\" class=\"elementor elementor-1413\" data-elementor-post-type=\"page\">\n\t\t\t\t\t\t<section class=\"elementor-section elementor-top-section elementor-element elementor-element-d39d2e7 elementor-section-full_width elementor-section-height-default elementor-section-height-default\" data-id=\"d39d2e7\" data-element_type=\"section\">\n\t\t\t\t\t\t\t<div class=\"elementor-background-overlay\"><\/div>\n\t\t\t\t\t\t\t<div class=\"elementor-container elementor-column-gap-default\">\n\t\t\t\t\t<div class=\"elementor-column elementor-col-50 elementor-top-column elementor-element elementor-element-a0ba7dc\" data-id=\"a0ba7dc\" data-element_type=\"column\">\n\t\t\t<div class=\"elementor-widget-wrap elementor-element-populated\">\n\t\t\t\t\t\t<div class=\"elementor-element elementor-element-42354e32 elementor-invisible elementor-widget elementor-widget-heading\" data-id=\"42354e32\" data-element_type=\"widget\" data-settings=\"{&quot;_animation&quot;:&quot;fadeInRight&quot;}\" data-widget_type=\"heading.default\">\n\t\t\t\t<div class=\"elementor-widget-container\">\n\t\t\t\t\t<h1 class=\"elementor-heading-title elementor-size-default\">Un recopilatorio mensual de las \u00faltimas noticias del sector en tu bandeja de entrada<\/h1>\t\t\t\t<\/div>\n\t\t\t\t<\/div>\n\t\t\t\t<div class=\"elementor-element elementor-element-7c8cfc2f elementor-widget elementor-widget-text-editor\" data-id=\"7c8cfc2f\" data-element_type=\"widget\" data-widget_type=\"text-editor.default\">\n\t\t\t\t<div class=\"elementor-widget-container\">\n\t\t\t\t\t\t\t\t\t<p><span style=\"font-size: 16px;\">Suscr\u00edbete a nuestro bolet\u00edn mensual rellenando el siguiente formulario. Estar\u00e1s al d\u00eda de las \u00faltimas noticias del sector y de las novedades del evento.<\/span><\/p><p>Adem\u00e1s, tendr\u00e1s acceso gratuito a:<\/p><ul><li>Las novedades del sector<\/li><li>Las <a href=\"https:\/\/www.empackmadrid.com\/es\/content365\/empack-news\/\" target=\"_blank\" rel=\"noopener\">noticias del evento<\/a><\/li><li>Las ponencias y mesas redondas de Empack<\/li><li>Nuestra secci\u00f3n de entrevistas \u00abUn Caf\u00e9 Con&#8230;\u00bb &amp; \u00abHablando con&#8230;\u00bb<\/li><li>Nuestra secci\u00f3n \u00abDetr\u00e1s del packaging\u00bb de la mano de dise\u00f1adores con proyectos, casos de \u00e9xito, datos curiosos&#8230;<\/li><\/ul><p>Si est\u00e1s interesado en ganar visibilidad de marca y anunciartr con nosotros, puedes obtener <a href=\"https:\/\/www.empackmadrid.com\/es\/exponer\/opciones-digitales\/\">m\u00e1s informaci\u00f3n aqu\u00ed.<\/a><\/p><p>Descubre las noticias de envase y embalaje y todas las novedades del evento, conferencias, actividades, \u00e1reas&#8230; as\u00ed como de sus expositores.<\/p>\t\t\t\t\t\t\t\t<\/div>\n\t\t\t\t<\/div>\n\t\t\t\t\t<\/div>\n\t\t<\/div>\n\t\t\t\t<div class=\"elementor-column elementor-col-50 elementor-top-column elementor-element elementor-element-de80d73\" data-id=\"de80d73\" data-element_type=\"column\">\n\t\t\t<div class=\"elementor-widget-wrap elementor-element-populated\">\n\t\t\t\t\t\t<div class=\"elementor-element elementor-element-1d67c809 elementor-button-align-stretch elementor-widget elementor-widget-form\" data-id=\"1d67c809\" data-element_type=\"widget\" data-settings=\"{&quot;step_next_label&quot;:&quot;Next&quot;,&quot;step_previous_label&quot;:&quot;Previous&quot;,&quot;button_width&quot;:&quot;100&quot;,&quot;step_type&quot;:&quot;number_text&quot;,&quot;step_icon_shape&quot;:&quot;circle&quot;}\" data-widget_type=\"form.default\">\n\t\t\t\t<div class=\"elementor-widget-container\">\n\t\t\t\t\t\t\t<form class=\"elementor-form\" method=\"post\" name=\"Subscribe to newsletter\" aria-label=\"Subscribe to newsletter\">\n\t\t\t<input type=\"hidden\" name=\"post_id\" value=\"1413\"\/>\n\t\t\t<input type=\"hidden\" name=\"form_id\" value=\"1d67c809\"\/>\n\t\t\t<input type=\"hidden\" name=\"referer_title\" value=\"\" \/>\n\n\t\t\t\n\t\t\t<div class=\"elementor-form-fields-wrapper elementor-labels-above\">\n\t\t\t\t\t\t\t\t<div class=\"elementor-field-type-text elementor-field-group elementor-column elementor-field-group-FirstName elementor-col-50 elementor-field-required\">\n\t\t\t\t\t\t\t\t\t\t\t\t<label for=\"form-field-FirstName\" class=\"elementor-field-label\">\n\t\t\t\t\t\t\t\tNombre\t\t\t\t\t\t\t<\/label>\n\t\t\t\t\t\t\t\t\t\t\t\t\t\t<input size=\"1\" type=\"text\" name=\"form_fields[FirstName]\" id=\"form-field-FirstName\" class=\"elementor-field elementor-size-sm  elementor-field-textual\" placeholder=\"Tu nombre\" required=\"required\">\n\t\t\t\t\t\t\t\t\t\t\t<\/div>\n\t\t\t\t\t\t\t\t<div class=\"elementor-field-type-text elementor-field-group elementor-column elementor-field-group-LastName elementor-col-50 elementor-field-required\">\n\t\t\t\t\t\t\t\t\t\t\t\t<label for=\"form-field-LastName\" class=\"elementor-field-label\">\n\t\t\t\t\t\t\t\tApellido\t\t\t\t\t\t\t<\/label>\n\t\t\t\t\t\t\t\t\t\t\t\t\t\t<input size=\"1\" type=\"text\" name=\"form_fields[LastName]\" id=\"form-field-LastName\" class=\"elementor-field elementor-size-sm  elementor-field-textual\" placeholder=\"Tu apellido\" required=\"required\">\n\t\t\t\t\t\t\t\t\t\t\t<\/div>\n\t\t\t\t\t\t\t\t<div class=\"elementor-field-type-email elementor-field-group elementor-column elementor-field-group-Email elementor-col-50 elementor-field-required\">\n\t\t\t\t\t\t\t\t\t\t\t\t<label for=\"form-field-Email\" class=\"elementor-field-label\">\n\t\t\t\t\t\t\t\tEmail\t\t\t\t\t\t\t<\/label>\n\t\t\t\t\t\t\t\t\t\t\t\t\t\t<input size=\"1\" type=\"email\" name=\"form_fields[Email]\" id=\"form-field-Email\" class=\"elementor-field elementor-size-sm  elementor-field-textual\" placeholder=\"Tu email\" required=\"required\">\n\t\t\t\t\t\t\t\t\t\t\t<\/div>\n\t\t\t\t\t\t\t\t<div class=\"elementor-field-type-text elementor-field-group elementor-column elementor-field-group-JobTitle elementor-col-50 elementor-field-required\">\n\t\t\t\t\t\t\t\t\t\t\t\t<label for=\"form-field-JobTitle\" class=\"elementor-field-label\">\n\t\t\t\t\t\t\t\tCargo\t\t\t\t\t\t\t<\/label>\n\t\t\t\t\t\t\t\t\t\t\t\t\t\t<input size=\"1\" type=\"text\" name=\"form_fields[JobTitle]\" id=\"form-field-JobTitle\" class=\"elementor-field elementor-size-sm  elementor-field-textual\" placeholder=\"Tu cargo\" required=\"required\">\n\t\t\t\t\t\t\t\t\t\t\t<\/div>\n\t\t\t\t\t\t\t\t<div class=\"elementor-field-type-text elementor-field-group elementor-column elementor-field-group-CompanyName elementor-col-100 elementor-field-required\">\n\t\t\t\t\t\t\t\t\t\t\t\t<label for=\"form-field-CompanyName\" class=\"elementor-field-label\">\n\t\t\t\t\t\t\t\tEmpresa\t\t\t\t\t\t\t<\/label>\n\t\t\t\t\t\t\t\t\t\t\t\t\t\t<input size=\"1\" type=\"text\" name=\"form_fields[CompanyName]\" id=\"form-field-CompanyName\" class=\"elementor-field elementor-size-sm  elementor-field-textual\" placeholder=\"Tu empresa\" required=\"required\">\n\t\t\t\t\t\t\t\t\t\t\t<\/div>\n\t\t\t\t\t\t\t\t<div class=\"elementor-field-type-radio elementor-field-group elementor-column elementor-field-group-LanguageCode elementor-col-100 elementor-field-required\">\n\t\t\t\t\t\t\t\t\t\t\t\t<label for=\"form-field-LanguageCode\" class=\"elementor-field-label\">\n\t\t\t\t\t\t\t\tPreferencia de idioma\t\t\t\t\t\t\t<\/label>\n\t\t\t\t\t\t<div class=\"elementor-field-subgroup  \"><span class=\"elementor-field-option\"><input type=\"radio\" value=\"ES\" id=\"form-field-LanguageCode-0\" name=\"form_fields[LanguageCode]\" checked=\"checked\" required=\"required\"> <label for=\"form-field-LanguageCode-0\">Espa\u00f1ol<\/label><\/span><span class=\"elementor-field-option\"><input type=\"radio\" value=\"EN\" id=\"form-field-LanguageCode-1\" name=\"form_fields[LanguageCode]\" required=\"required\"> <label for=\"form-field-LanguageCode-1\">Ingl\u00e9s<\/label><\/span><\/div>\t\t\t\t<\/div>\n\t\t\t\t\t\t\t\t<div class=\"elementor-field-type-html elementor-field-group elementor-column elementor-field-group-field_8c8d33b elementor-col-100\">\n\t\t\t\t\tEn Easyfairs nos tomamos muy en serio la privacidad de sus datos y s\u00f3lo utilizamos la informaci\u00f3n de acuerdo a nuestra <a href=\"https:\/\/www.easyfairs.com\/privacy-policy\/\" target=\"_blank\">pol\u00edtica de privacidad<\/a>. Si sus intereses o necesidades cambian, podr\u00e1 darse de baja en cualquier momento a trav\u00e9s el link habilitado en la parte inferior de nuestros emails.\t\t\t\t<\/div>\n\t\t\t\t\t\t\t\t<div class=\"elementor-field-type-recaptcha_v3 elementor-field-group elementor-column elementor-field-group-field_6786217 elementor-col-100 recaptcha_v3-inline\">\n\t\t\t\t\t<div class=\"elementor-field\" id=\"form-field-field_6786217\"><div class=\"elementor-g-recaptcha\" data-sitekey=\"6Le35IIaAAAAAD3jT_Sfue3jxR464FxFobR3cEkm\" data-type=\"v3\" data-action=\"Form\" data-badge=\"inline\" data-size=\"invisible\"><\/div><\/div>\t\t\t\t<\/div>\n\t\t\t\t\t\t\t\t<div class=\"elementor-field-group elementor-column elementor-field-type-submit elementor-col-100 e-form__buttons\">\n\t\t\t\t\t<button class=\"elementor-button elementor-size-sm elementor-animation-shrink\" type=\"submit\">\n\t\t\t\t\t\t<span class=\"elementor-button-content-wrapper\">\n\t\t\t\t\t\t\t\t\t\t\t\t\t\t\t\t\t\t\t\t\t\t<span class=\"elementor-button-text\">Enviar<\/span>\n\t\t\t\t\t\t\t\t\t\t\t\t\t<\/span>\n\t\t\t\t\t<\/button>\n\t\t\t\t<\/div>\n\t\t\t<\/div>\n\t\t<\/form>\n\t\t\t\t\t\t<\/div>\n\t\t\t\t<\/div>\n\t\t\t\t\t<\/div>\n\t\t<\/div>\n\t\t\t\t\t<\/div>\n\t\t<\/section>\n\t\t\t\t<\/div>\n\t\t","protected":false},"excerpt":{"rendered":"<p>Un recopilatorio mensual de las \u00faltimas noticias del sector en tu bandeja de entrada Suscr\u00edbete a nuestro bolet\u00edn mensual rellenando el siguiente formulario. Estar\u00e1s al d\u00eda de las \u00faltimas noticias del sector y de las novedades del evento. Adem\u00e1s, tendr\u00e1s acceso gratuito a: Las novedades del sector Las noticias del evento Las ponencias y mesas [&hellip;]<\/p>\n","protected":false},"author":992,"featured_media":0,"parent":400,"menu_order":0,"comment_status":"closed","ping_status":"closed","template":"","meta":{"_seopress_robots_primary_cat":"","_seopress_titles_title":"Suscr\u00edbete a nuestra newsletter | Empack Madrid","_seopress_titles_desc":"Recibe las \u00faltimas noticias sobre Empack y el sector del embalaje, maquinaria, green packaging, etiquetado, paletizado cada mes en tu bandeja de entrada.","_seopress_robots_index":"","footnotes":""},"class_list":["post-1413","page","type-page","status-publish","hentry"],"_links":{"self":[{"href":"https:\/\/www.empackmadrid.com\/es\/wp-json\/wp\/v2\/pages\/1413","targetHints":{"allow":["GET"]}}],"collection":[{"href":"https:\/\/www.empackmadrid.com\/es\/wp-json\/wp\/v2\/pages"}],"about":[{"href":"https:\/\/www.empackmadrid.com\/es\/wp-json\/wp\/v2\/types\/page"}],"author":[{"embeddable":true,"href":"https:\/\/www.empackmadrid.com\/es\/wp-json\/wp\/v2\/users\/992"}],"replies":[{"embeddable":true,"href":"https:\/\/www.empackmadrid.com\/es\/wp-json\/wp\/v2\/comments?post=1413"}],"version-history":[{"count":5,"href":"https:\/\/www.empackmadrid.com\/es\/wp-json\/wp\/v2\/pages\/1413\/revisions"}],"predecessor-version":[{"id":172559,"href":"https:\/\/www.empackmadrid.com\/es\/wp-json\/wp\/v2\/pages\/1413\/revisions\/172559"}],"up":[{"embeddable":true,"href":"https:\/\/www.empackmadrid.com\/es\/wp-json\/wp\/v2\/pages\/400"}],"wp:attachment":[{"href":"https:\/\/www.empackmadrid.com\/es\/wp-json\/wp\/v2\/media?parent=1413"}],"curies":[{"name":"wp","href":"https:\/\/api.w.org\/{rel}","templated":true}]}}